{"id":433,"date":"2026-01-22T16:32:28","date_gmt":"2026-01-22T15:32:28","guid":{"rendered":"https:\/\/www.iisc.at\/?page_id=433"},"modified":"2026-03-26T09:02:05","modified_gmt":"2026-03-26T08:02:05","slug":"scicomm-trainieren-wien-erleben","status":"publish","type":"page","link":"https:\/\/www.iisc.at\/en\/scicomm-trainieren-wien-erleben\/","title":{"rendered":"Boost your Scicomm Skills.\nDiscover Vienna."},"content":{"rendered":"<iframe loading=\"lazy\" width=\"560\" height=\"315\" src=\"https:\/\/www.youtube-nocookie.com\/embed\/ovbzUzvbyzY?si=oTa0q27Ycrzc7aeL?rel=0\" title=\"\" frameborder=\"0\" allow=\"accelerometer; autoplay; clipboard-write; encrypted-media; gyroscope; picture-in-picture; web-share\" referrerpolicy=\"strict-origin-when-cross-origin\" allowfullscreen><\/iframe>\n\n\n\n<p class=\"has-text-align-left\"><strong>A perfect combination: <\/strong><br><strong>art, culture and science communication training in the heart of Europe.<\/strong><br><br>We have a special package designed for our international guests:<br><br>Wir organisieren ganz nach euren Bed\u00fcrfnissen ein&nbsp;ein-, eineinhalb- oder zweit\u00e4giges Training in unseren topmodernen Studios \u2013 und k\u00fcmmern uns auf Wunsch um das Rahmenprogramm, damit ihr Wien erleben k\u00f6nnt.<br><br>We can also provide recommendations for your stay in Vienna, including concerts, clubs, theatres, restaurants and museums \u2013 we know our city well.<br><br>You can find more information in our special folder on this programme:<\/p>\n\n\n<div class=\"wp-block-image\">\n<figure class=\"aligncenter size-large is-resized\"><a href=\"https:\/\/www.iisc.at\/wp-content\/uploads\/2026\/01\/Folder_RGB_EN_pages.pdf\"><img loading=\"lazy\" decoding=\"async\" width=\"803\" height=\"1024\" src=\"https:\/\/www.iisc.at\/wp-content\/uploads\/2026\/01\/cover_wienfolder_E.png\" alt=\"\" class=\"wp-image-437\" style=\"aspect-ratio:0.7841922351305729;width:218px;height:auto\" srcset=\"https:\/\/www.iisc.at\/wp-content\/uploads\/2026\/01\/cover_wienfolder_E.png 952w, https:\/\/www.iisc.at\/wp-content\/uploads\/2026\/01\/cover_wienfolder_E-236x300.png 236w, https:\/\/www.iisc.at\/wp-content\/uploads\/2026\/01\/cover_wienfolder_E-804x1024.png 804w, https:\/\/www.iisc.at\/wp-content\/uploads\/2026\/01\/cover_wienfolder_E-768x978.png 768w, https:\/\/www.iisc.at\/wp-content\/uploads\/2026\/01\/cover_wienfolder_E-9x12.png 9w\" sizes=\"auto, (max-width: 803px) 100vw, 803px\" \/><\/a><\/figure>\n<\/div>\n\n\n<p class=\"has-text-align-center\"><strong>Science communication training in Vienna.<br>An incentive with a lasting effect \u2013 a weekend to remember.<\/strong><\/p>\n\n\n\n<p>For more information:&nbsp;<a href=\"mailto:office@iisc.at\">office@iisc.at<\/a><\/p>\n\n\n\n<p><strong>Vienna: art and culture for every taste<\/strong><br><br>30 palaces, more than 100 museums, around 120 stages, including 50 theatres, four opera houses, several musical stages and numerous concert venues for all genres of music, numerous galleries and renowned theatre, music and dance festivals: Vienna offers its guests an exceptionally rich cultural programme for every taste throughout the year.&nbsp;<br><br><strong>Viennese caf\u00e9s and Michelin-starred restaurants<\/strong><br><br>From cosy wine taverns in Grinzing and traditional Viennese caf\u00e9s to trendy bars and creative restaurants with up to three Michelin stars serving original Viennese or international cuisine, Viennese gastronomy has something for everyone. We have the latest recommendations for you.<br><br>We can also assist with booking the desired accommodation. Whether you want something imperial or hip, luxurious or inexpensive: Vienna's wide range of options is sure to include the right hotel for you.<\/p>","protected":false},"excerpt":{"rendered":"<p>Die perfekte Kombination: Kunst, Kultur und Kommunikationstraining im Herzen Europas Speziell f\u00fcr unsere internationalen G\u00e4ste haben wir ein besonderes Kombi-Pack: Wir organisieren ganz nach euren Bed\u00fcrfnissen ein&nbsp;ein-, eineinhalb- oder zweit\u00e4giges Training in unseren topmodernen Studios \u2013 und k\u00fcmmern uns auf Wunsch um das Rahmenprogramm, damit ihr Wien erleben k\u00f6nnt. Gerne [&hellip;]<\/p>","protected":false},"author":1,"featured_media":0,"parent":0,"menu_order":0,"comment_status":"closed","ping_status":"closed","template":"","meta":{"_themeisle_gutenberg_block_has_review":false,"footnotes":""},"class_list":["post-433","page","type-page","status-publish","hentry"],"_links":{"self":[{"href":"https:\/\/www.iisc.at\/en\/wp-json\/wp\/v2\/pages\/433","targetHints":{"allow":["GET"]}}],"collection":[{"href":"https:\/\/www.iisc.at\/en\/wp-json\/wp\/v2\/pages"}],"about":[{"href":"https:\/\/www.iisc.at\/en\/wp-json\/wp\/v2\/types\/page"}],"author":[{"embeddable":true,"href":"https:\/\/www.iisc.at\/en\/wp-json\/wp\/v2\/users\/1"}],"replies":[{"embeddable":true,"href":"https:\/\/www.iisc.at\/en\/wp-json\/wp\/v2\/comments?post=433"}],"version-history":[{"count":20,"href":"https:\/\/www.iisc.at\/en\/wp-json\/wp\/v2\/pages\/433\/revisions"}],"predecessor-version":[{"id":462,"href":"https:\/\/www.iisc.at\/en\/wp-json\/wp\/v2\/pages\/433\/revisions\/462"}],"wp:attachment":[{"href":"https:\/\/www.iisc.at\/en\/wp-json\/wp\/v2\/media?parent=433"}],"curies":[{"name":"wp","href":"https:\/\/api.w.org\/{rel}","templated":true}]}}