{"id":227,"date":"2023-01-17T17:17:26","date_gmt":"2023-01-17T16:17:26","guid":{"rendered":"https:\/\/www.iisc.at\/?page_id=227"},"modified":"2023-01-26T15:42:12","modified_gmt":"2023-01-26T14:42:12","slug":"anmeldung","status":"publish","type":"page","link":"https:\/\/www.iisc.at\/en\/anmeldung\/","title":{"rendered":"Anmeldung"},"content":{"rendered":"<div class=\"wpforms-container wpforms-container-full wpforms-block\" id=\"wpforms-223\"><form id=\"wpforms-form-223\" class=\"wpforms-validate wpforms-form wpforms-ajax-form\" data-formid=\"223\" method=\"post\" enctype=\"multipart\/form-data\" action=\"\/en\/wp-json\/wp\/v2\/pages\/227\" data-token=\"39e98593da914d17a6b04134c4e9e567\" data-trp-original-action=\"\/en\/wp-json\/wp\/v2\/pages\/227\"><noscript class=\"wpforms-error-noscript\">Please enable JavaScript in your browser to complete this form.<\/noscript><div class=\"wpforms-field-container\"><div id=\"wpforms-223-field_1-container\" class=\"wpforms-field wpforms-field-select wpforms-field-select-style-modern\" data-field-id=\"1\"><label class=\"wpforms-field-label\" for=\"wpforms-223-field_1\">Seminar <span class=\"wpforms-required-label\">*<\/span><\/label><select id=\"wpforms-223-field_1\" class=\"wpforms-field-large wpforms-field-required choicesjs-select\" data-size-class=\"wpforms-field-row wpforms-field-large\" data-search-enabled=\"\" name=\"wpforms[fields][1]\" required=\"required\"><option value=\"\" class=\"placeholder\" disabled selected='selected'>Hier klicken, um Seminar und Termin auszuw\u00e4hlen<\/option><option value=\"Basisseminar Wissenschaftskommunikation auf Deutsch \u2013 online \u2013 26. September 2025. \u20ac 595,- zzgl. USt.\" >Basic Seminar on Science Communication in English - online - October 24th 2025. \u20ac 595,- excl. VAT<\/option><option value=\"Journalistisches Schreiben f\u00fcr die Wissenschaft und Einsatzm\u00f6glichkeiten K\u00fcnstlicher Intelligenz \u2013 online \u2013 3. bis 4.Oktober 2025. \u20ac 395,- zzgl. USt.\" >Journalistisches Schreiben f\u00fcr die Wissenschaft und Einsatzm\u00f6glichkeiten K\u00fcnstlicher Intelligenz \u2013 online \u2013 3. bis 4.Oktober 2025. \u20ac 395,- zzgl. USt.<\/option><option value=\"Medientraining f\u00fcr Forscherinnen und Forscher \u2013 Wien \u2013 10. Oktober 2025. \u20ac 895,- zzgl. USt.\" >Media Training for Researchers in English - Vienna - November 7th 2025. \u20ac 895,- excl. VAT<\/option><option value=\"Useful AI Apps for Science Communicators \u2013 online in English\/Deutsch. 17. Oktober 2025 \u20ac 295,- plus VAT.\" >Useful AI Apps for Science Communicators \u2013 online in English\/Deutsch. 17. Oktober 2025 \u20ac 295,- plus VAT.<\/option><option value=\"Basic seminar science communication in English - online - 24 September 2025. \u20ac 595,- plus VAT.\" >Basic seminar science communication in English &#8211; online &#8211; 24 September 2025. \u20ac 595,- plus VAT.<\/option><option value=\"Journalistic writing for science and possible applications of artificial intelligence - online - 30-31 October 2025. \u20ac 395,- plus VAT.\" >Journalistic writing for science and possible applications of artificial intelligence &#8211; online &#8211; 30-31 October 2025. \u20ac 395,- plus VAT.<\/option><option value=\"Media training for researchers - Vienna - 7 October 2025. \u20ac 895,- plus VAT.\" >Media training for researchers &#8211; Vienna &#8211; 7 October 2025. \u20ac 895,- plus VAT.<\/option><\/select><\/div><div id=\"wpforms-223-field_2-container\" class=\"wpforms-field wpforms-field-text\" data-field-id=\"2\"><label class=\"wpforms-field-label\" for=\"wpforms-223-field_2\">Anrede <span class=\"wpforms-required-label\">*<\/span><\/label><input type=\"text\" id=\"wpforms-223-field_2\" class=\"wpforms-field-small wpforms-field-required\" name=\"wpforms[fields][2]\" required><\/div><div id=\"wpforms-223-field_7-container\" class=\"wpforms-field wpforms-field-name\" data-field-id=\"7\"><label class=\"wpforms-field-label\" for=\"wpforms-223-field_7\">Name <span class=\"wpforms-required-label\">*<\/span><\/label><div class=\"wpforms-field-row wpforms-field-large\"><div class=\"wpforms-field-row-block wpforms-first wpforms-one-half\"><input type=\"text\" id=\"wpforms-223-field_7\" class=\"wpforms-field-name-first wpforms-field-required\" name=\"wpforms[fields][7][first]\" required><label for=\"wpforms-223-field_7\" class=\"wpforms-field-sublabel after\">First<\/label><\/div><div class=\"wpforms-field-row-block wpforms-one-half\"><input type=\"text\" id=\"wpforms-223-field_7-last\" class=\"wpforms-field-name-last wpforms-field-required\" name=\"wpforms[fields][7][last]\" required><label for=\"wpforms-223-field_7-last\" class=\"wpforms-field-sublabel after\">Last<\/label><\/div><\/div><\/div><div id=\"wpforms-223-field_5-container\" class=\"wpforms-field wpforms-field-text\" data-field-id=\"5\"><label class=\"wpforms-field-label\" for=\"wpforms-223-field_5\">Institution <span class=\"wpforms-required-label\">*<\/span><\/label><input type=\"text\" id=\"wpforms-223-field_5\" class=\"wpforms-field-medium wpforms-field-required\" name=\"wpforms[fields][5]\" required><\/div><div id=\"wpforms-223-field_6-container\" class=\"wpforms-field wpforms-field-email\" data-field-id=\"6\"><label class=\"wpforms-field-label\" for=\"wpforms-223-field_6\">Mail <span class=\"wpforms-required-label\">*<\/span><\/label><input type=\"email\" id=\"wpforms-223-field_6\" class=\"wpforms-field-medium wpforms-field-required\" name=\"wpforms[fields][6]\" spellcheck=\"false\" required><\/div><div id=\"wpforms-223-field_9-container\" class=\"wpforms-field wpforms-field-text\" data-field-id=\"9\"><label class=\"wpforms-field-label\" for=\"wpforms-223-field_9\">Rechnungsempf\u00e4nger <span class=\"wpforms-required-label\">*<\/span><\/label><input type=\"text\" id=\"wpforms-223-field_9\" class=\"wpforms-field-medium wpforms-field-required\" name=\"wpforms[fields][9]\" required><\/div><div id=\"wpforms-223-field_10-container\" class=\"wpforms-field wpforms-field-textarea\" data-field-id=\"10\"><label class=\"wpforms-field-label\" for=\"wpforms-223-field_10\">Rechnungsadresse <span class=\"wpforms-required-label\">*<\/span><\/label><textarea id=\"wpforms-223-field_10\" class=\"wpforms-field-medium wpforms-field-required\" name=\"wpforms[fields][10]\" required><\/textarea><div class=\"wpforms-field-description\">Stra\u00dfe\/Hausnummer\/T\u00fcr, PLZ, Ort, Land<\/div><\/div><div id=\"wpforms-223-field_11-container\" class=\"wpforms-field wpforms-field-email\" data-field-id=\"11\"><label class=\"wpforms-field-label\" for=\"wpforms-223-field_11\">Rechnungsadresse E-Mail <span class=\"wpforms-required-label\">*<\/span><\/label><input type=\"email\" id=\"wpforms-223-field_11\" class=\"wpforms-field-medium wpforms-field-required\" name=\"wpforms[fields][11]\" spellcheck=\"false\" required><\/div><\/div><!-- .wpforms-field-container --><div class=\"wpforms-submit-container\" ><input type=\"hidden\" name=\"wpforms[id]\" value=\"223\"><input type=\"hidden\" name=\"wpforms[author]\" value=\"2\"><button type=\"submit\" name=\"wpforms[submit]\" id=\"wpforms-submit-223\" class=\"wpforms-submit\" data-alt-text=\"Senden\u2026\" data-submit-text=\"Absenden\" aria-live=\"assertive\" value=\"wpforms-submit\">Absenden<\/button><img loading=\"lazy\" decoding=\"async\" src=\"https:\/\/www.iisc.at\/wp-content\/plugins\/wpforms-lite\/assets\/images\/submit-spin.svg\" class=\"wpforms-submit-spinner\" style=\"display: none;\" width=\"26\" height=\"26\" alt=\"Loading\"><\/div><input type=\"hidden\" name=\"trp-form-language\" value=\"en\"\/><\/form><\/div>  <!-- .wpforms-container -->\n\n\n<p class=\"has-small-font-size\">Mit meiner Anmeldung best\u00e4tige ich, dass eine kostenfreie Stornierung nur bis 2 Wochen vor Veranstatungsbeginn m\u00f6glich ist. Danach f\u00e4llt die volle Seminargeb\u00fchr an. Ich kann einen Ersatzteilnehmer nennen. Ich stimme mit meiner Anmeldung zu, dass meine Daten zur Administration des Seminars gespeichert und verarbeitet werden. Das IISC wird die Daten nicht an Dritte weitergeben. Mit meiner Anmeldung akzeptiere ich die <a href=\"https:\/\/www.iisc.at\/en\/agb\/\">Terms of Service<\/a> des IISC.<\/p>","protected":false},"excerpt":{"rendered":"<p>Mit meiner Anmeldung best\u00e4tige ich, dass eine kostenfreie Stornierung nur bis 2 Wochen vor Veranstatungsbeginn m\u00f6glich ist. Danach f\u00e4llt die volle Seminargeb\u00fchr an. Ich kann einen Ersatzteilnehmer nennen. Ich stimme mit meiner Anmeldung zu, dass meine Daten zur Administration des Seminars gespeichert und verarbeitet werden. Das IISC wird die Daten [&hellip;]<\/p>","protected":false},"author":2,"featured_media":0,"parent":0,"menu_order":0,"comment_status":"closed","ping_status":"closed","template":"","meta":{"_themeisle_gutenberg_block_has_review":false,"footnotes":""},"class_list":["post-227","page","type-page","status-publish","hentry"],"_links":{"self":[{"href":"https:\/\/www.iisc.at\/en\/wp-json\/wp\/v2\/pages\/227","targetHints":{"allow":["GET"]}}],"collection":[{"href":"https:\/\/www.iisc.at\/en\/wp-json\/wp\/v2\/pages"}],"about":[{"href":"https:\/\/www.iisc.at\/en\/wp-json\/wp\/v2\/types\/page"}],"author":[{"embeddable":true,"href":"https:\/\/www.iisc.at\/en\/wp-json\/wp\/v2\/users\/2"}],"replies":[{"embeddable":true,"href":"https:\/\/www.iisc.at\/en\/wp-json\/wp\/v2\/comments?post=227"}],"version-history":[{"count":3,"href":"https:\/\/www.iisc.at\/en\/wp-json\/wp\/v2\/pages\/227\/revisions"}],"predecessor-version":[{"id":378,"href":"https:\/\/www.iisc.at\/en\/wp-json\/wp\/v2\/pages\/227\/revisions\/378"}],"wp:attachment":[{"href":"https:\/\/www.iisc.at\/en\/wp-json\/wp\/v2\/media?parent=227"}],"curies":[{"name":"wp","href":"https:\/\/api.w.org\/{rel}","templated":true}]}}